{"id":2383,"date":"2020-08-04T13:21:00","date_gmt":"2020-08-04T11:21:00","guid":{"rendered":"http:\/\/www.industrialna.com\/?page_id=2383"},"modified":"2021-01-07T12:46:35","modified_gmt":"2021-01-07T11:46:35","slug":"2020-2","status":"publish","type":"page","link":"https:\/\/www.industrialna.com\/index.php\/archiwum\/2020-2\/","title":{"rendered":"2020"},"content":{"rendered":"<hr \/>\n<h6 style=\"text-align: left;\"><ul class=\"lcp_catlist\" id=\"lcp_instance_0\"><li><a href=\"https:\/\/www.industrialna.com\/index.php\/2020\/11\/kletno-kopalnia-uranu\/\">Kletno &#8211; Kopalnia Uranu<\/a><\/li><li><a href=\"https:\/\/www.industrialna.com\/index.php\/2020\/11\/drezno-glaserne-manufaktur\/\">Drezno &#8211; Gl\u00e4serne Manufaktur<\/a><\/li><li><a href=\"https:\/\/www.industrialna.com\/index.php\/2020\/10\/budapeszt-most-wolnosci\/\">Budapeszt &#8211; Most Wolno\u015bci Szabads\u00e1g hid<\/a><\/li><li><a href=\"https:\/\/www.industrialna.com\/index.php\/2020\/09\/boleslawiec-stacja-pomp\/\">Boles\u0142awiec &#8211; Stacja Pomp<\/a><\/li><li><a href=\"https:\/\/www.industrialna.com\/index.php\/2020\/08\/lagow-wiadukt-kolejowy\/\">\u0141ag\u00f3w &#8211; Wiadukt Kolejowy<\/a><\/li><li><a href=\"https:\/\/www.industrialna.com\/index.php\/2020\/08\/czernica-most-kolejowy\/\">Czernica &#8211; Most Kolejowy<\/a><\/li><li><a href=\"https:\/\/www.industrialna.com\/index.php\/2020\/07\/warszawa-elektrownia-tramwajow-miejskich\/\">Warszawa &#8211; Elektrownia Tramwaj\u00f3w Miejskich<\/a><\/li><li><a href=\"https:\/\/www.industrialna.com\/index.php\/2020\/06\/grecja-kanal-koryncki\/\">Grecja &#8211; Kana\u0142 Koryncki<\/a><\/li><li><a href=\"https:\/\/www.industrialna.com\/index.php\/2020\/03\/boleslawiec-wiadukt-kolejowy\/\">Boles\u0142awiec &#8211; Wiadukt Kolejowy<\/a><\/li><li><a href=\"https:\/\/www.industrialna.com\/index.php\/2020\/02\/kruszwica-wieza-cisnien\/\">Kruszwica &#8211; Wie\u017ca Ci\u015bnie\u0144<\/a><\/li><\/ul><\/h6>\n\n\n<p><\/p>\n","protected":false},"excerpt":{"rendered":"","protected":false},"author":1,"featured_media":0,"parent":127,"menu_order":0,"comment_status":"closed","ping_status":"closed","template":"","meta":{"_monsterinsights_skip_tracking":false,"_monsterinsights_sitenote_active":false,"_monsterinsights_sitenote_note":"","_monsterinsights_sitenote_category":0,"footnotes":""},"class_list":["post-2383","page","type-page","status-publish","hentry"],"_links":{"self":[{"href":"https:\/\/www.industrialna.com\/index.php\/wp-json\/wp\/v2\/pages\/2383","targetHints":{"allow":["GET"]}}],"collection":[{"href":"https:\/\/www.industrialna.com\/index.php\/wp-json\/wp\/v2\/pages"}],"about":[{"href":"https:\/\/www.industrialna.com\/index.php\/wp-json\/wp\/v2\/types\/page"}],"author":[{"embeddable":true,"href":"https:\/\/www.industrialna.com\/index.php\/wp-json\/wp\/v2\/users\/1"}],"replies":[{"embeddable":true,"href":"https:\/\/www.industrialna.com\/index.php\/wp-json\/wp\/v2\/comments?post=2383"}],"version-history":[{"count":1,"href":"https:\/\/www.industrialna.com\/index.php\/wp-json\/wp\/v2\/pages\/2383\/revisions"}],"predecessor-version":[{"id":2384,"href":"https:\/\/www.industrialna.com\/index.php\/wp-json\/wp\/v2\/pages\/2383\/revisions\/2384"}],"up":[{"embeddable":true,"href":"https:\/\/www.industrialna.com\/index.php\/wp-json\/wp\/v2\/pages\/127"}],"wp:attachment":[{"href":"https:\/\/www.industrialna.com\/index.php\/wp-json\/wp\/v2\/media?parent=2383"}],"curies":[{"name":"wp","href":"https:\/\/api.w.org\/{rel}","templated":true}]}}